{"id":150,"date":"2014-02-03T14:08:15","date_gmt":"2014-02-03T14:08:15","guid":{"rendered":"http:\/\/tttak.se\/?page_id=150"},"modified":"2014-02-07T12:56:20","modified_gmt":"2014-02-07T12:56:20","slug":"kvalitet","status":"publish","type":"page","link":"http:\/\/tttak.se\/?page_id=150","title":{"rendered":"Kvalitet"},"content":{"rendered":"<h1 align=\"center\"><b>Kvalitetspolicy i 10 punkter<\/b><\/span><\/h1>\n<p>&nbsp;<\/p>\n<ol>\n<li>\u00a0 \u00a0 Analysera kundens utryckta och underf\u00f6rst\u00e5dda behov och f\u00f6rv\u00e4ntningar.<\/li>\n<li>\u00a0 \u00a0 Inom utlovad tid utf\u00f6ra de tj\u00e4nster som vi \u00f6verenskommit med kunden.<\/li>\n<li>\u00a0 \u00a0 St\u00e4lla h\u00f6ga krav p\u00e5 leverant\u00f6rer och endast arbeta med typgodk\u00e4nda produkter.<\/li>\n<li>\u00a0 \u00a0 Egna mont\u00f6rer skall genomg\u00e5 fortl\u00f6pande utbildning f\u00f6r att bibeh\u00e5lla h\u00f6g kompetensniv\u00e5.<\/li>\n<li>\u00a0 \u00a0 Entreprenader utf\u00f6rs med obligatorisk, dokumenterad egenkontroll.<\/li>\n<li>\u00a0 \u00a0 Utf\u00f6rd entreprenad skall \u00f6verl\u00e4mnas utan fel eller brister.<\/li>\n<li>\u00a0 \u00a0 St\u00e4ndigt bedriva f\u00f6rb\u00e4ttringsarbete och str\u00e4va efter felfria resultat.<\/li>\n<li>\u00a0 \u00a0 F\u00f6lja kundens uppfattning om v\u00e5r kvalitet.<\/li>\n<li>\u00a0 \u00a0 Uppr\u00e4tta h\u00f6g serviceniv\u00e5 mot v\u00e5ra kunder.<\/li>\n<li>\u00a0 \u00a0 H\u00e5lla kvalitetsarbetet levande och l\u00e5t det fortl\u00f6pande vidareutvecklas f\u00f6r att m\u00f6ta framtida st\u00e4lla krav.<\/li>\n<\/ol>\n","protected":false},"excerpt":{"rendered":"<p>Kvalitetspolicy i 10 punkter &nbsp; \u00a0 \u00a0 Analysera kundens utryckta och underf\u00f6rst\u00e5dda behov och f\u00f6rv\u00e4ntningar. \u00a0 \u00a0 Inom utlovad tid utf\u00f6ra de tj\u00e4nster som vi \u00f6verenskommit med kunden. \u00a0 \u00a0 St\u00e4lla h\u00f6ga krav p\u00e5 leverant\u00f6rer och endast arbeta med typgodk\u00e4nda produkter. \u00a0 \u00a0 Egna mont\u00f6rer skall genomg\u00e5 fortl\u00f6pande utbildning f\u00f6r att bibeh\u00e5lla h\u00f6g kompetensniv\u00e5. \u00a0 <a class=\"read-more-link\" href=\"http:\/\/tttak.se\/?page_id=150\"><br \/>read more<\/a><\/p>\n","protected":false},"author":1,"featured_media":0,"parent":0,"menu_order":4,"comment_status":"closed","ping_status":"closed","template":"","meta":[],"_links":{"self":[{"href":"http:\/\/tttak.se\/index.php?rest_route=\/wp\/v2\/pages\/150"}],"collection":[{"href":"http:\/\/tttak.se\/index.php?rest_route=\/wp\/v2\/pages"}],"about":[{"href":"http:\/\/tttak.se\/index.php?rest_route=\/wp\/v2\/types\/page"}],"author":[{"embeddable":true,"href":"http:\/\/tttak.se\/index.php?rest_route=\/wp\/v2\/users\/1"}],"replies":[{"embeddable":true,"href":"http:\/\/tttak.se\/index.php?rest_route=%2Fwp%2Fv2%2Fcomments&post=150"}],"version-history":[{"count":5,"href":"http:\/\/tttak.se\/index.php?rest_route=\/wp\/v2\/pages\/150\/revisions"}],"predecessor-version":[{"id":226,"href":"http:\/\/tttak.se\/index.php?rest_route=\/wp\/v2\/pages\/150\/revisions\/226"}],"wp:attachment":[{"href":"http:\/\/tttak.se\/index.php?rest_route=%2Fwp%2Fv2%2Fmedia&parent=150"}],"curies":[{"name":"wp","href":"https:\/\/api.w.org\/{rel}","templated":true}]}}