{"id":159,"date":"2014-02-03T14:14:30","date_gmt":"2014-02-03T14:14:30","guid":{"rendered":"http:\/\/tttak.se\/?page_id=159"},"modified":"2014-02-07T12:57:54","modified_gmt":"2014-02-07T12:57:54","slug":"service","status":"publish","type":"page","link":"http:\/\/tttak.se\/?page_id=159","title":{"rendered":"Service"},"content":{"rendered":"<h1 align=\"center\"><b>Service<a href=\"http:\/\/tttak.se\/?attachment_id=206\" rel=\"attachment wp-att-206\"><img decoding=\"async\" loading=\"lazy\" class=\"alignright size-medium wp-image-206\" alt=\"MB Sweda 4\" src=\"http:\/\/tttak.se\/wp-content\/uploads\/2014\/02\/MB-Sweda-4-168x300.jpg\" width=\"168\" height=\"300\" srcset=\"http:\/\/tttak.se\/wp-content\/uploads\/2014\/02\/MB-Sweda-4-168x300.jpg 168w, http:\/\/tttak.se\/wp-content\/uploads\/2014\/02\/MB-Sweda-4-574x1024.jpg 574w, http:\/\/tttak.se\/wp-content\/uploads\/2014\/02\/MB-Sweda-4.jpg 1024w\" sizes=\"(max-width: 168px) 100vw, 168px\" \/><\/a><\/b><b><\/p>\n<p><\/b><b>Planerat underh\u00e5ll f\u00f6rl\u00e4nger takets livsl\u00e4ngd!<\/b><\/span><\/h1>\n<p><span style=\"color: #000000;\"> \u201dVi servar bilen regelbundet f\u00f6r att erh\u00e5lla drifts\u00e4kerhet!\u201d<\/span><\/p>\n<p><span style=\"color: #000000;\">\u201dVi m\u00e5lar fasaden och f\u00f6nster f\u00f6r att skydda v\u00e5rt hus!\u201d<\/span><\/p>\n<p><span style=\"color: #000000;\">\u201dVi byter batteri i klockan f\u00f6r att h\u00e5lla tiden!\u201d<\/span><\/p>\n<p><span style=\"color: #000000;\">\u201dVi servar taket f\u00f6r att t\u00e4ta v\u00e5rt hus!\u00a0<b>ELLER?\u201d<\/b><\/span><\/p>\n<p><span style=\"color: #000000;\"><b>\u00a0<\/b><\/span><\/p>\n<p><span style=\"color: #000000;\">Vi p\u00e5\u00a0<b>TT TAK\u00a0<\/b>erbjuder besiktning och \u00e5rligt underh\u00e5ll av tak. Vi utf\u00f6r \u00e4ven \u00e5rlig kontroll och eventuell justering av brandventilation f\u00f6r erh\u00e5llande av godk\u00e4nt brandskydd.<\/span><\/p>\n","protected":false},"excerpt":{"rendered":"<p>Service Planerat underh\u00e5ll f\u00f6rl\u00e4nger takets livsl\u00e4ngd! \u201dVi servar bilen regelbundet f\u00f6r att erh\u00e5lla drifts\u00e4kerhet!\u201d \u201dVi m\u00e5lar fasaden och f\u00f6nster f\u00f6r att skydda v\u00e5rt hus!\u201d \u201dVi byter batteri i klockan f\u00f6r att h\u00e5lla tiden!\u201d \u201dVi servar taket f\u00f6r att t\u00e4ta v\u00e5rt hus!\u00a0ELLER?\u201d \u00a0 Vi p\u00e5\u00a0TT TAK\u00a0erbjuder besiktning och \u00e5rligt underh\u00e5ll av tak. Vi utf\u00f6r \u00e4ven \u00e5rlig <a class=\"read-more-link\" href=\"http:\/\/tttak.se\/?page_id=159\"><br \/>read more<\/a><\/p>\n","protected":false},"author":1,"featured_media":0,"parent":136,"menu_order":2,"comment_status":"closed","ping_status":"closed","template":"","meta":[],"_links":{"self":[{"href":"http:\/\/tttak.se\/index.php?rest_route=\/wp\/v2\/pages\/159"}],"collection":[{"href":"http:\/\/tttak.se\/index.php?rest_route=\/wp\/v2\/pages"}],"about":[{"href":"http:\/\/tttak.se\/index.php?rest_route=\/wp\/v2\/types\/page"}],"author":[{"embeddable":true,"href":"http:\/\/tttak.se\/index.php?rest_route=\/wp\/v2\/users\/1"}],"replies":[{"embeddable":true,"href":"http:\/\/tttak.se\/index.php?rest_route=%2Fwp%2Fv2%2Fcomments&post=159"}],"version-history":[{"count":4,"href":"http:\/\/tttak.se\/index.php?rest_route=\/wp\/v2\/pages\/159\/revisions"}],"predecessor-version":[{"id":227,"href":"http:\/\/tttak.se\/index.php?rest_route=\/wp\/v2\/pages\/159\/revisions\/227"}],"up":[{"embeddable":true,"href":"http:\/\/tttak.se\/index.php?rest_route=\/wp\/v2\/pages\/136"}],"wp:attachment":[{"href":"http:\/\/tttak.se\/index.php?rest_route=%2Fwp%2Fv2%2Fmedia&parent=159"}],"curies":[{"name":"wp","href":"https:\/\/api.w.org\/{rel}","templated":true}]}}