{"id":200,"date":"2014-02-04T12:42:27","date_gmt":"2014-02-04T12:42:27","guid":{"rendered":"http:\/\/tttak.se\/?page_id=200"},"modified":"2014-02-07T13:04:05","modified_gmt":"2014-02-07T13:04:05","slug":"om","status":"publish","type":"page","link":"http:\/\/tttak.se\/?page_id=200","title":{"rendered":"Om"},"content":{"rendered":"<h1 align=\"center\"><b>Specialisten p\u00e5 tak<\/b><b><\/b><\/span><\/h1>\n<p align=\"center\"><span style=\"color: #000000;\">\u00a0<\/span><\/p>\n<h2 align=\"center\"><span style=\"color: #000000;\"><b>Nyl\u00e4ggning * Oml\u00e4ggning * Till\u00e4ggsisolering * Service<\/b><\/span><\/h2>\n<p><span style=\"color: #000000;\">\u00a0<\/span><\/p>\n<p><span style=\"color: #000000;\"><b>TT TAK\u00a0<\/b>med huvudkontor i G\u00f6teborg utf\u00f6r t\u00e4tskiktsentreprenader inom regionen V\u00e4stra Sverige.<\/span><\/p>\n<p><span style=\"color: #000000;\">\u00a0<\/span><\/p>\n<p><span style=\"color: #000000;\"><b>TT TAK\u00a0<\/b>utf\u00f6r entreprenader i huvudsak p\u00e5 l\u00e5glutande tak, terrasser, inomhusmembran och geomembran med t\u00e4tskikt av plastdukar, gummidukar och asfaltbaserade t\u00e4tskikt.<\/span><\/p>\n<p><span style=\"color: #000000;\">\u00a0<\/span><\/p>\n<p><span style=\"color: #000000;\"><b>TT TAK\u00a0<\/b>utf\u00f6r totalentreprenader med alla ing\u00e5ende arbeten f\u00f6r ett komplett och fungerande tak t.ex. pl\u00e5t- och tr\u00e4arbeten. Vi utf\u00f6r \u00e4ven underh\u00e5llsarbeten med avsikt att f\u00f6rl\u00e4nga takets livsl\u00e4ngd.<\/span><\/p>\n<p><span style=\"color: #000000;\">\u00a0<\/span><\/p>\n<p><span style=\"color: #000000;\"><b>TT TAK<\/b>\u00a0har f\u00f6rs\u00e4ljning av taktillbeh\u00f6r som t.ex. takljuskupoler, brandventilatorer taks\u00e4kerhet e.t.c.<\/span><\/p>\n<p><span style=\"color: #000000;\">\u00a0<\/span><\/p>\n<p><span style=\"color: #000000;\"><b>TT TAK\u00a0<\/b>st\u00e4ller h\u00f6ga krav p\u00e5 sina leverant\u00f6rer av t\u00e4tskikt, isolering och tillbeh\u00f6r. Vi anv\u00e4nder d\u00e4rf\u00f6r uteslutande typgodk\u00e4nda produkter i v\u00e5ra taksystem.<\/span><\/p>\n<p><span style=\"color: #000000;\">\u00a0<\/span><\/p>\n<p><span style=\"color: #000000;\"><b>TT TAK\u00b4s\u00a0<\/b>entreprenader utf\u00f6rs av personal med l\u00e5ng yrkeserfarenhet och som fortl\u00f6pande genomg\u00e5r mont\u00f6rsutbildning. Mont\u00f6rer innehar certifikat f\u00f6r heta arbeten och mont\u00f6rscertifikat utf\u00e4rdat av respektive t\u00e4tskiktsleverant\u00f6r.<\/span><\/p>\n<p><span style=\"color: #000000;\">\u00a0<\/span><\/p>\n<p><span style=\"color: #000000;\"><b>TT TAK\u00a0<\/b>Kvalitetss\u00e4krar alla entreprenader och har dokumenterad egenkontroll.<\/span><\/p>\n<p><span style=\"color: #000000;\">\u00a0<\/span><\/p>\n<p><span style=\"color: #000000;\"><b>TT TAK\u00a0<\/b>l\u00e4mnar 10 + 5 \u00e5rs garanti med f\u00f6ljdskadef\u00f6rs\u00e4kring genom AB T\u00e4tskiktsgarantier i Norden.<\/span><\/p>\n","protected":false},"excerpt":{"rendered":"<p>Specialisten p\u00e5 tak \u00a0 Nyl\u00e4ggning * Oml\u00e4ggning * Till\u00e4ggsisolering * Service \u00a0 TT TAK\u00a0med huvudkontor i G\u00f6teborg utf\u00f6r t\u00e4tskiktsentreprenader inom regionen V\u00e4stra Sverige. \u00a0 TT TAK\u00a0utf\u00f6r entreprenader i huvudsak p\u00e5 l\u00e5glutande tak, terrasser, inomhusmembran och geomembran med t\u00e4tskikt av plastdukar, gummidukar och asfaltbaserade t\u00e4tskikt. \u00a0 TT TAK\u00a0utf\u00f6r totalentreprenader med alla ing\u00e5ende arbeten f\u00f6r ett komplett <a class=\"read-more-link\" href=\"http:\/\/tttak.se\/?page_id=200\"><br \/>read more<\/a><\/p>\n","protected":false},"author":1,"featured_media":0,"parent":0,"menu_order":1,"comment_status":"closed","ping_status":"closed","template":"","meta":[],"_links":{"self":[{"href":"http:\/\/tttak.se\/index.php?rest_route=\/wp\/v2\/pages\/200"}],"collection":[{"href":"http:\/\/tttak.se\/index.php?rest_route=\/wp\/v2\/pages"}],"about":[{"href":"http:\/\/tttak.se\/index.php?rest_route=\/wp\/v2\/types\/page"}],"author":[{"embeddable":true,"href":"http:\/\/tttak.se\/index.php?rest_route=\/wp\/v2\/users\/1"}],"replies":[{"embeddable":true,"href":"http:\/\/tttak.se\/index.php?rest_route=%2Fwp%2Fv2%2Fcomments&post=200"}],"version-history":[{"count":3,"href":"http:\/\/tttak.se\/index.php?rest_route=\/wp\/v2\/pages\/200\/revisions"}],"predecessor-version":[{"id":228,"href":"http:\/\/tttak.se\/index.php?rest_route=\/wp\/v2\/pages\/200\/revisions\/228"}],"wp:attachment":[{"href":"http:\/\/tttak.se\/index.php?rest_route=%2Fwp%2Fv2%2Fmedia&parent=200"}],"curies":[{"name":"wp","href":"https:\/\/api.w.org\/{rel}","templated":true}]}}