{"id":152,"date":"2014-02-03T14:08:40","date_gmt":"2014-02-03T14:08:40","guid":{"rendered":"http:\/\/tttak.se\/?page_id=152"},"modified":"2014-03-16T14:33:20","modified_gmt":"2014-03-16T13:33:20","slug":"miljo","status":"publish","type":"page","link":"https:\/\/tttak.se\/?page_id=152","title":{"rendered":"Milj\u00f6"},"content":{"rendered":"<h1 align=\"center\"><b>Milj\u00f6policy i 10 punkter<\/b><\/h1>\n<p>&nbsp;<\/p>\n<p>&nbsp;<\/p>\n<ol>\n<li>\u00a0 \u00a0 \u00a0 Vid materialval skall h\u00e4nsyn tagas till leverant\u00f6rens milj\u00f6arbete.<\/li>\n<li>\u00a0 \u00a0 \u00a0 Fortl\u00f6pande kritiskt granska leverant\u00f6rers produkter och montageanvisningar.<\/li>\n<li>\u00a0 \u00a0 \u00a0 V\u00e4lja system d\u00e4r lastpallar \u00e4r ersatta av material som kan anv\u00e4ndas i entreprenaden.<\/li>\n<li>\u00a0 \u00a0 \u00a0 V\u00e4lja f\u00f6rpackningssystem d\u00e4r on\u00f6digt emballage saknas.<\/li>\n<li>\u00a0 \u00a0 \u00a0 Vi skall minska m\u00e4ngder och \u00f6ka \u00e5tervinning av avfallsprodukter.<\/li>\n<li>\u00a0 \u00a0 \u00a0 K\u00e4llsortera avfall p\u00e5 arbetsst\u00e4llet.<\/li>\n<li>\u00a0 \u00a0 \u00a0 V\u00e5ra arbetsplatser skall utformas s\u00e5 att skador p\u00e5 m\u00e4nniskor undviks.<\/li>\n<li>\u00a0 \u00a0 \u00a0 Minimera buller och d\u00e5lig lukt.<\/li>\n<li>\u00a0 \u00a0 \u00a0 Minska energif\u00f6rbrukningen.<\/li>\n<li>\u00a0 \u00a0 \u00a0 H\u00e5lla milj\u00f6arbetet levande och l\u00e5t det fortl\u00f6pande vidareutvecklas f\u00f6r att m\u00f6ta framtida st\u00e4lla krav.<\/li>\n<\/ol>\n<p>&nbsp;<\/p>\n","protected":false},"excerpt":{"rendered":"<p>Milj\u00f6policy i 10 punkter &nbsp; &nbsp; \u00a0 \u00a0 \u00a0 Vid materialval skall h\u00e4nsyn tagas till leverant\u00f6rens milj\u00f6arbete. \u00a0 \u00a0 \u00a0 Fortl\u00f6pande kritiskt granska leverant\u00f6rers produkter och montageanvisningar. \u00a0 \u00a0 \u00a0 V\u00e4lja system d\u00e4r lastpallar \u00e4r ersatta av material som kan anv\u00e4ndas i entreprenaden. \u00a0 \u00a0 \u00a0 V\u00e4lja f\u00f6rpackningssystem d\u00e4r on\u00f6digt emballage saknas. \u00a0 \u00a0 \u00a0 <a class=\"read-more-link\" href=\"https:\/\/tttak.se\/?page_id=152\"><br \/>read more<\/a><\/p>\n","protected":false},"author":1,"featured_media":0,"parent":0,"menu_order":6,"comment_status":"closed","ping_status":"closed","template":"","meta":[],"_links":{"self":[{"href":"https:\/\/tttak.se\/index.php?rest_route=\/wp\/v2\/pages\/152"}],"collection":[{"href":"https:\/\/tttak.se\/index.php?rest_route=\/wp\/v2\/pages"}],"about":[{"href":"https:\/\/tttak.se\/index.php?rest_route=\/wp\/v2\/types\/page"}],"author":[{"embeddable":true,"href":"https:\/\/tttak.se\/index.php?rest_route=\/wp\/v2\/users\/1"}],"replies":[{"embeddable":true,"href":"https:\/\/tttak.se\/index.php?rest_route=%2Fwp%2Fv2%2Fcomments&post=152"}],"version-history":[{"count":6,"href":"https:\/\/tttak.se\/index.php?rest_route=\/wp\/v2\/pages\/152\/revisions"}],"predecessor-version":[{"id":250,"href":"https:\/\/tttak.se\/index.php?rest_route=\/wp\/v2\/pages\/152\/revisions\/250"}],"wp:attachment":[{"href":"https:\/\/tttak.se\/index.php?rest_route=%2Fwp%2Fv2%2Fmedia&parent=152"}],"curies":[{"name":"wp","href":"https:\/\/api.w.org\/{rel}","templated":true}]}}