{"id":31,"date":"2013-03-13T19:51:57","date_gmt":"2013-03-13T19:51:57","guid":{"rendered":"http:\/\/tttak.se\/?page_id=31"},"modified":"2014-02-07T12:54:45","modified_gmt":"2014-02-07T12:54:45","slug":"garantier","status":"publish","type":"page","link":"https:\/\/tttak.se\/?page_id=31","title":{"rendered":"Garantier"},"content":{"rendered":"<h1 align=\"center\"><b>Garanterat tryggt i 15 \u00e5r<a href=\"http:\/\/tttak.se\/?attachment_id=202\" rel=\"attachment wp-att-202\"><img decoding=\"async\" loading=\"lazy\" class=\"alignright size-medium wp-image-202\" alt=\"TG\" src=\"http:\/\/tttak.se\/wp-content\/uploads\/2013\/03\/TG-290x300.jpg\" width=\"290\" height=\"300\" srcset=\"https:\/\/tttak.se\/wp-content\/uploads\/2013\/03\/TG-290x300.jpg 290w, https:\/\/tttak.se\/wp-content\/uploads\/2013\/03\/TG.jpg 497w\" sizes=\"(max-width: 290px) 100vw, 290px\" \/><\/a><\/b><\/span><\/h1>\n<p><span style=\"color: #000000;\"> Ansvarsutf\u00e4stelsen fr\u00e5n T\u00e4tskiktsgarantier\u2122\u00a0g\u00e4ller fr\u00e5n slutbesiktningsdag och 10 \u00e5r fram\u00e5t. Ut\u00f6ver ansvarsutf\u00e4stelsens giltighetstid ing\u00e5r en materialgaranti p\u00e5 5 \u00e5r.<\/span><\/p>\n<p><span style=\"color: #000000;\"> Ansvarsutf\u00e4stelsen omfattar \u00e5tg\u00e4rdande av fel i utf\u00f6rande eller material samt f\u00f6ljdskador.<\/span><\/p>\n<p><span style=\"color: #000000;\"> Ansvarsutf\u00e4stelse kan utf\u00e4rdas b\u00e5de till f\u00f6retag, kommuner, bostadsr\u00e4ttsf\u00f6reningar och privatpersoner.<\/span><\/p>\n<p><span style=\"color: #000000;\"> Ansvarsutf\u00e4stelse fr\u00e5n T\u00e4tskiktsgarantier\u2122\u00a0g\u00e4ller vid nybyggnad, tillbyggnad och renovering (oml\u00e4ggning).<\/span><\/p>\n<p><span style=\"color: #000000;\"> Premien f\u00f6r ansvarsutf\u00e4stelsen \u00e4r betald f\u00f6r hela garantitiden.<\/span><\/p>\n<p><span style=\"color: #000000;\"> Ansvarsutf\u00e4stelsen f\u00f6ljer fastigheten vid eventuell f\u00f6rs\u00e4ljning.<\/span><\/p>\n<p>Ansvarsutf\u00e4stelse ska l\u00e4mnas till samtliga som \u00e4ger sin fastighet juridiskt (viktigt att t\u00e4nka p\u00e5 t ex vid radhus etc.)<b><\/b><\/p>\n","protected":false},"excerpt":{"rendered":"<p>Garanterat tryggt i 15 \u00e5r Ansvarsutf\u00e4stelsen fr\u00e5n T\u00e4tskiktsgarantier\u2122\u00a0g\u00e4ller fr\u00e5n slutbesiktningsdag och 10 \u00e5r fram\u00e5t. Ut\u00f6ver ansvarsutf\u00e4stelsens giltighetstid ing\u00e5r en materialgaranti p\u00e5 5 \u00e5r. Ansvarsutf\u00e4stelsen omfattar \u00e5tg\u00e4rdande av fel i utf\u00f6rande eller material samt f\u00f6ljdskador. Ansvarsutf\u00e4stelse kan utf\u00e4rdas b\u00e5de till f\u00f6retag, kommuner, bostadsr\u00e4ttsf\u00f6reningar och privatpersoner. Ansvarsutf\u00e4stelse fr\u00e5n T\u00e4tskiktsgarantier\u2122\u00a0g\u00e4ller vid nybyggnad, tillbyggnad och renovering (oml\u00e4ggning). Premien f\u00f6r <a class=\"read-more-link\" href=\"https:\/\/tttak.se\/?page_id=31\"><br \/>read more<\/a><\/p>\n","protected":false},"author":1,"featured_media":0,"parent":0,"menu_order":5,"comment_status":"closed","ping_status":"closed","template":"","meta":[],"_links":{"self":[{"href":"https:\/\/tttak.se\/index.php?rest_route=\/wp\/v2\/pages\/31"}],"collection":[{"href":"https:\/\/tttak.se\/index.php?rest_route=\/wp\/v2\/pages"}],"about":[{"href":"https:\/\/tttak.se\/index.php?rest_route=\/wp\/v2\/types\/page"}],"author":[{"embeddable":true,"href":"https:\/\/tttak.se\/index.php?rest_route=\/wp\/v2\/users\/1"}],"replies":[{"embeddable":true,"href":"https:\/\/tttak.se\/index.php?rest_route=%2Fwp%2Fv2%2Fcomments&post=31"}],"version-history":[{"count":8,"href":"https:\/\/tttak.se\/index.php?rest_route=\/wp\/v2\/pages\/31\/revisions"}],"predecessor-version":[{"id":225,"href":"https:\/\/tttak.se\/index.php?rest_route=\/wp\/v2\/pages\/31\/revisions\/225"}],"wp:attachment":[{"href":"https:\/\/tttak.se\/index.php?rest_route=%2Fwp%2Fv2%2Fmedia&parent=31"}],"curies":[{"name":"wp","href":"https:\/\/api.w.org\/{rel}","templated":true}]}}